{"id":75,"date":"2020-01-27T08:29:32","date_gmt":"2020-01-27T08:29:32","guid":{"rendered":"https:\/\/demosites.io\/web-agency-gb\/?page_id=75"},"modified":"2026-04-13T18:18:04","modified_gmt":"2026-04-13T16:18:04","slug":"contactez-nous","status":"publish","type":"page","link":"https:\/\/soclecommun.org\/index.php\/contactez-nous\/","title":{"rendered":"Contact"},"content":{"rendered":"<div class=\"wpforms-container wpforms-container-full wpforms-render-modern\" id=\"wpforms-1040\"><form id=\"wpforms-form-1040\" class=\"wpforms-validate wpforms-form wpforms-ajax-form\" data-formid=\"1040\" method=\"post\" enctype=\"multipart\/form-data\" action=\"\/index.php\/wp-json\/wp\/v2\/pages\/75\" data-token=\"632289f6414656cc748812a365144c5d\" data-token-time=\"1776562704\"><noscript class=\"wpforms-error-noscript\">Veuillez activer JavaScript dans votre navigateur pour remplir ce formulaire.<\/noscript><div class=\"wpforms-hidden\" id=\"wpforms-error-noscript\">Veuillez activer JavaScript dans votre navigateur pour remplir ce formulaire.<\/div><div class=\"wpforms-field-container\"><div id=\"wpforms-1040-field_0-container\" class=\"wpforms-field wpforms-field-name\" data-field-id=\"0\"><fieldset><legend class=\"wpforms-field-label\">Nom <span class=\"wpforms-required-label\" aria-hidden=\"true\">*<\/span><\/legend><div class=\"wpforms-field-row wpforms-field-medium\"><div class=\"wpforms-field-row-block wpforms-first wpforms-one-half\"><input type=\"text\" id=\"wpforms-1040-field_0\" class=\"wpforms-field-name-first wpforms-field-required\" name=\"wpforms[fields][0][first]\" aria-errormessage=\"wpforms-1040-field_0-error\" required><label for=\"wpforms-1040-field_0\" class=\"wpforms-field-sublabel after \">Pr\u00e9nom<\/label><\/div><div class=\"wpforms-field-row-block wpforms-one-half\"><input type=\"text\" id=\"wpforms-1040-field_0-last\" class=\"wpforms-field-name-last wpforms-field-required\" name=\"wpforms[fields][0][last]\" aria-errormessage=\"wpforms-1040-field_0-last-error\" required><label for=\"wpforms-1040-field_0-last\" class=\"wpforms-field-sublabel after \">Nom<\/label><\/div><\/div><\/fieldset><\/div><div id=\"wpforms-1040-field_1-container\" class=\"wpforms-field wpforms-field-email\" data-field-id=\"1\"><label class=\"wpforms-field-label\" for=\"wpforms-1040-field_1\">E-mail <span class=\"wpforms-required-label\" aria-hidden=\"true\">*<\/span><\/label><input type=\"email\" id=\"wpforms-1040-field_1\" class=\"wpforms-field-medium wpforms-field-required\" name=\"wpforms[fields][1]\" spellcheck=\"false\" aria-errormessage=\"wpforms-1040-field_1-error\" required><\/div><div id=\"wpforms-1040-field_2-container\" class=\"wpforms-field wpforms-field-textarea\" data-field-id=\"2\"><label class=\"wpforms-field-label\" for=\"wpforms-1040-field_2\">Commentaire ou message<\/label><textarea id=\"wpforms-1040-field_2\" class=\"wpforms-field-medium\" name=\"wpforms[fields][2]\" aria-errormessage=\"wpforms-1040-field_2-error\" ><\/textarea><\/div><\/div><!-- .wpforms-field-container --><div class=\"wpforms-submit-container\" ><input type=\"hidden\" name=\"wpforms[id]\" value=\"1040\"><input type=\"hidden\" name=\"page_title\" value=\"\"><input type=\"hidden\" name=\"page_url\" value=\"https:\/\/soclecommun.org\/index.php\/wp-json\/wp\/v2\/pages\/75\"><button type=\"submit\" name=\"wpforms[submit]\" id=\"wpforms-submit-1040\" class=\"wpforms-submit\" data-alt-text=\"Envoi...\" data-submit-text=\"Envoyer\" aria-live=\"assertive\" value=\"wpforms-submit\">Envoyer<\/button><img fetchpriority=\"high\" decoding=\"async\" src=\"https:\/\/mlyiwazn1rfo.i.optimole.com\/w:auto\/h:auto\/q:mauto\/ig:avif\/https:\/\/soclecommun.org\/wp-content\/plugins\/wpforms-lite\/assets\/images\/submit-spin.svg\" class=\"wpforms-submit-spinner\" style=\"display: none;\" width=\"26\" height=\"26\" alt=\"Chargement en cours\"><\/div><\/form><\/div>  <!-- .wpforms-container -->\n\n\n\n<p><strong>\ud83e\udd1d Ensemble, Faisons de Belles Choses.<\/strong><\/p>\n\n\n\n<ul class=\"wp-block-list\">\n<li><strong>Vous \u00eates plut\u00f4t t\u00e9l\u00e9phone ?<\/strong> 07 82 35 43 02<\/li>\n\n\n\n<li><strong>On se rencontre ?<\/strong> SOCLE COMMUN, MDA Boite TT8, 2 rue des Corroyeurs 21000 DIJON<\/li>\n\n\n\n<li><strong>Identification : <\/strong>RNA212014387 \/ Siret 923 391 429 000 19<\/li>\n<\/ul>\n","protected":false},"excerpt":{"rendered":"<p>\ud83e\udd1d Ensemble, Faisons de Belles Choses.<\/p>\n","protected":false},"author":1,"featured_media":0,"parent":0,"menu_order":0,"comment_status":"closed","ping_status":"closed","template":"","meta":{"_themeisle_gutenberg_block_has_review":false,"_ti_tpc_template_sync":false,"_ti_tpc_template_id":"re55dar6wrbbpp35jwhf","footnotes":"[]"},"class_list":["post-75","page","type-page","status-publish","hentry","entry"],"yoast_head":"<!-- This site is optimized with the Yoast SEO plugin v22.8 - https:\/\/yoast.com\/wordpress\/plugins\/seo\/ -->\n<title>Contact - SOCLE COMMUN<\/title>\n<meta name=\"robots\" content=\"index, follow, max-snippet:-1, max-image-preview:large, max-video-preview:-1\" \/>\n<link rel=\"canonical\" href=\"http:\/\/soclecommun.org\/index.php\/contactez-nous\/\" \/>\n<meta property=\"og:locale\" content=\"fr_FR\" \/>\n<meta property=\"og:type\" content=\"article\" \/>\n<meta property=\"og:title\" content=\"Contact - SOCLE COMMUN\" \/>\n<meta property=\"og:description\" content=\"\ud83e\udd1d Ensemble, Faisons de Belles Choses.\" \/>\n<meta property=\"og:url\" content=\"http:\/\/soclecommun.org\/index.php\/contactez-nous\/\" \/>\n<meta property=\"og:site_name\" content=\"SOCLE COMMUN\" \/>\n<meta property=\"article:modified_time\" content=\"2026-04-13T16:18:04+00:00\" \/>\n<meta name=\"twitter:card\" content=\"summary_large_image\" \/>\n<meta name=\"twitter:label1\" content=\"Dur\u00e9e de lecture estim\u00e9e\" \/>\n\t<meta name=\"twitter:data1\" content=\"1 minute\" \/>\n<script type=\"application\/ld+json\" class=\"yoast-schema-graph\">{\"@context\":\"https:\/\/schema.org\",\"@graph\":[{\"@type\":\"WebPage\",\"@id\":\"http:\/\/soclecommun.org\/index.php\/contactez-nous\/\",\"url\":\"http:\/\/soclecommun.org\/index.php\/contactez-nous\/\",\"name\":\"Contact - SOCLE COMMUN\",\"isPartOf\":{\"@id\":\"http:\/\/soclecommun.org\/#website\"},\"datePublished\":\"2020-01-27T08:29:32+00:00\",\"dateModified\":\"2026-04-13T16:18:04+00:00\",\"breadcrumb\":{\"@id\":\"http:\/\/soclecommun.org\/index.php\/contactez-nous\/#breadcrumb\"},\"inLanguage\":\"fr-FR\",\"potentialAction\":[{\"@type\":\"ReadAction\",\"target\":[\"http:\/\/soclecommun.org\/index.php\/contactez-nous\/\"]}]},{\"@type\":\"BreadcrumbList\",\"@id\":\"http:\/\/soclecommun.org\/index.php\/contactez-nous\/#breadcrumb\",\"itemListElement\":[{\"@type\":\"ListItem\",\"position\":1,\"name\":\"Accueil\",\"item\":\"http:\/\/soclecommun.org\/\"},{\"@type\":\"ListItem\",\"position\":2,\"name\":\"Contact\"}]},{\"@type\":\"WebSite\",\"@id\":\"http:\/\/soclecommun.org\/#website\",\"url\":\"http:\/\/soclecommun.org\/\",\"name\":\"SOCLE COMMUN\",\"description\":\"Association d\u2019accompagnement au changement, cr\u00e9ativit\u00e9 et lutte contre l\u2019isolement\",\"publisher\":{\"@id\":\"http:\/\/soclecommun.org\/#organization\"},\"alternateName\":\"SOCLE COMMUN INTELLIGENCE COLLECTIVE & CREATIVE\",\"potentialAction\":[{\"@type\":\"SearchAction\",\"target\":{\"@type\":\"EntryPoint\",\"urlTemplate\":\"http:\/\/soclecommun.org\/?s={search_term_string}\"},\"query-input\":\"required name=search_term_string\"}],\"inLanguage\":\"fr-FR\"},{\"@type\":\"Organization\",\"@id\":\"http:\/\/soclecommun.org\/#organization\",\"name\":\"SOCLE COMMUN\",\"url\":\"http:\/\/soclecommun.org\/\",\"logo\":{\"@type\":\"ImageObject\",\"inLanguage\":\"fr-FR\",\"@id\":\"http:\/\/soclecommun.org\/#\/schema\/logo\/image\/\",\"url\":\"https:\/\/mlyiwazn1rfo.i.optimole.com\/w:auto\/h:auto\/q:mauto\/ig:avif\/https:\/\/soclecommun.org\/wp-content\/uploads\/2026\/02\/cropped-Logo-SOCLE-COMMUN.png\",\"contentUrl\":\"https:\/\/mlyiwazn1rfo.i.optimole.com\/w:auto\/h:auto\/q:mauto\/ig:avif\/https:\/\/soclecommun.org\/wp-content\/uploads\/2026\/02\/cropped-Logo-SOCLE-COMMUN.png\",\"width\":449,\"height\":413,\"caption\":\"SOCLE COMMUN\"},\"image\":{\"@id\":\"http:\/\/soclecommun.org\/#\/schema\/logo\/image\/\"}}]}<\/script>\n<!-- \/ Yoast SEO plugin. -->","yoast_head_json":{"title":"Contact - SOCLE COMMUN","robots":{"index":"index","follow":"follow","max-snippet":"max-snippet:-1","max-image-preview":"max-image-preview:large","max-video-preview":"max-video-preview:-1"},"canonical":"http:\/\/soclecommun.org\/index.php\/contactez-nous\/","og_locale":"fr_FR","og_type":"article","og_title":"Contact - SOCLE COMMUN","og_description":"\ud83e\udd1d Ensemble, Faisons de Belles Choses.","og_url":"http:\/\/soclecommun.org\/index.php\/contactez-nous\/","og_site_name":"SOCLE COMMUN","article_modified_time":"2026-04-13T16:18:04+00:00","twitter_card":"summary_large_image","twitter_misc":{"Dur\u00e9e de lecture estim\u00e9e":"1 minute"},"schema":{"@context":"https:\/\/schema.org","@graph":[{"@type":"WebPage","@id":"http:\/\/soclecommun.org\/index.php\/contactez-nous\/","url":"http:\/\/soclecommun.org\/index.php\/contactez-nous\/","name":"Contact - SOCLE COMMUN","isPartOf":{"@id":"http:\/\/soclecommun.org\/#website"},"datePublished":"2020-01-27T08:29:32+00:00","dateModified":"2026-04-13T16:18:04+00:00","breadcrumb":{"@id":"http:\/\/soclecommun.org\/index.php\/contactez-nous\/#breadcrumb"},"inLanguage":"fr-FR","potentialAction":[{"@type":"ReadAction","target":["http:\/\/soclecommun.org\/index.php\/contactez-nous\/"]}]},{"@type":"BreadcrumbList","@id":"http:\/\/soclecommun.org\/index.php\/contactez-nous\/#breadcrumb","itemListElement":[{"@type":"ListItem","position":1,"name":"Accueil","item":"http:\/\/soclecommun.org\/"},{"@type":"ListItem","position":2,"name":"Contact"}]},{"@type":"WebSite","@id":"http:\/\/soclecommun.org\/#website","url":"http:\/\/soclecommun.org\/","name":"SOCLE COMMUN","description":"Association d\u2019accompagnement au changement, cr\u00e9ativit\u00e9 et lutte contre l\u2019isolement","publisher":{"@id":"http:\/\/soclecommun.org\/#organization"},"alternateName":"SOCLE COMMUN INTELLIGENCE COLLECTIVE & CREATIVE","potentialAction":[{"@type":"SearchAction","target":{"@type":"EntryPoint","urlTemplate":"http:\/\/soclecommun.org\/?s={search_term_string}"},"query-input":"required name=search_term_string"}],"inLanguage":"fr-FR"},{"@type":"Organization","@id":"http:\/\/soclecommun.org\/#organization","name":"SOCLE COMMUN","url":"http:\/\/soclecommun.org\/","logo":{"@type":"ImageObject","inLanguage":"fr-FR","@id":"http:\/\/soclecommun.org\/#\/schema\/logo\/image\/","url":"https:\/\/mlyiwazn1rfo.i.optimole.com\/w:auto\/h:auto\/q:mauto\/ig:avif\/https:\/\/soclecommun.org\/wp-content\/uploads\/2026\/02\/cropped-Logo-SOCLE-COMMUN.png","contentUrl":"https:\/\/mlyiwazn1rfo.i.optimole.com\/w:auto\/h:auto\/q:mauto\/ig:avif\/https:\/\/soclecommun.org\/wp-content\/uploads\/2026\/02\/cropped-Logo-SOCLE-COMMUN.png","width":449,"height":413,"caption":"SOCLE COMMUN"},"image":{"@id":"http:\/\/soclecommun.org\/#\/schema\/logo\/image\/"}}]}},"_links":{"self":[{"href":"https:\/\/soclecommun.org\/index.php\/wp-json\/wp\/v2\/pages\/75","targetHints":{"allow":["GET"]}}],"collection":[{"href":"https:\/\/soclecommun.org\/index.php\/wp-json\/wp\/v2\/pages"}],"about":[{"href":"https:\/\/soclecommun.org\/index.php\/wp-json\/wp\/v2\/types\/page"}],"author":[{"embeddable":true,"href":"https:\/\/soclecommun.org\/index.php\/wp-json\/wp\/v2\/users\/1"}],"replies":[{"embeddable":true,"href":"https:\/\/soclecommun.org\/index.php\/wp-json\/wp\/v2\/comments?post=75"}],"version-history":[{"count":57,"href":"https:\/\/soclecommun.org\/index.php\/wp-json\/wp\/v2\/pages\/75\/revisions"}],"predecessor-version":[{"id":1042,"href":"https:\/\/soclecommun.org\/index.php\/wp-json\/wp\/v2\/pages\/75\/revisions\/1042"}],"wp:attachment":[{"href":"https:\/\/soclecommun.org\/index.php\/wp-json\/wp\/v2\/media?parent=75"}],"curies":[{"name":"wp","href":"https:\/\/api.w.org\/{rel}","templated":true}]}}