{"id":309,"date":"2020-01-13T11:17:52","date_gmt":"2020-01-13T11:17:52","guid":{"rendered":"https:\/\/demosites.io\/web-agency-gb\/?page_id=5"},"modified":"2026-02-04T12:13:14","modified_gmt":"2026-02-04T11:13:14","slug":"15c42-web-agency-gb-home","status":"publish","type":"page","link":"https:\/\/soclecommun.org\/","title":{"rendered":"ACCUEIL"},"content":{"rendered":"\n<div class=\"wp-block-media-text alignwide has-media-on-the-right is-stacked-on-mobile is-vertically-aligned-center\"><div class=\"wp-block-media-text__content\">\n<p><\/p>\n\n\n\n<hr class=\"wp-block-separator has-alpha-channel-opacity\"\/>\n\n\n\n<h2 class=\"wp-block-heading\">Des temps de rencontre et de lien<\/h2>\n\n\n\n<h3 class=\"wp-block-heading\"><em>Pour rompre la solitude et redonner du sens<\/em><\/h3>\n<\/div><figure class=\"wp-block-media-text__media\"><video controls src=\"http:\/\/soclecommun.org\/wp-content\/uploads\/2024\/02\/Ils-parlent-de-nous-.mp4\"><\/video><\/figure><\/div>\n\n\n<h2 data-start=\"354\" data-end=\"401\">\u00a0<\/h2>\n<p data-start=\"403\" data-end=\"458\"><strong><em data-start=\"403\" data-end=\"458\">\u00ab Seul, on va plus vite. Ensemble, on va plus loin. \u00bb<\/em><\/strong><\/p>\n<hr data-start=\"460\" data-end=\"463\" \/>\n<h3 data-start=\"539\" data-end=\"564\"><strong>Le c\u0153ur de nos actions<\/strong><\/h3>\n<p data-start=\"566\" data-end=\"683\">Le Socle Commun est une association qui propose des <strong data-start=\"618\" data-end=\"666\">temps de rencontre, de pr\u00e9sence et d\u2019\u00e9change<\/strong>, \u00e0 destination :<\/p>\n<ul>\n<li data-start=\"687\" data-end=\"710\">des <strong data-start=\"691\" data-end=\"707\">particuliers<\/strong>,<\/li>\n<li data-start=\"713\" data-end=\"745\">des <strong data-start=\"717\" data-end=\"742\">groupes et collectifs<\/strong>,<\/li>\n<li data-start=\"748\" data-end=\"771\">des <strong data-start=\"752\" data-end=\"768\">associations<\/strong>,<\/li>\n<li data-start=\"774\" data-end=\"818\">des <strong data-start=\"778\" data-end=\"817\">structures m\u00e9dico-sociales et EHPAD<\/strong>.<\/li>\n<\/ul>\n<hr data-start=\"945\" data-end=\"948\" \/>\n<h3 data-start=\"950\" data-end=\"974\"><strong>Ce que nous proposons<\/strong><\/h3>\n<p data-start=\"976\" data-end=\"1046\">Nous proposons des ateliers et des temps d\u2019accompagnement fond\u00e9s sur :<\/p>\n<ul>\n<li data-start=\"1049\" data-end=\"1077\">l\u2019intelligence collective,<\/li>\n<li data-start=\"1080\" data-end=\"1122\">la facilitation et l\u2019animation sensible,<\/li>\n<li data-start=\"1125\" data-end=\"1188\">la cr\u00e9ativit\u00e9 comme levier d\u2019expression et de transformation<\/li>\n<\/ul>\n<h3>Ces espaces permettent de :<\/h3>\n<ul>\n<li><strong data-start=\"139\" data-end=\"163\" data-is-only-node=\"\">aller \u00e0 la rencontre<\/strong> des personnes,<\/li>\n<li><strong data-start=\"185\" data-end=\"198\">clarifier<\/strong> des envies et des besoins,<\/li>\n<li><strong data-start=\"232\" data-end=\"249\">faire \u00e9merger<\/strong> des projets individuels ou collectifs,<\/li>\n<li><strong data-start=\"295\" data-end=\"307\">soutenir<\/strong> des parcours personnels et collectifs,<\/li>\n<li><strong data-start=\"353\" data-end=\"363\">rompre<\/strong> la solitude et <strong data-start=\"379\" data-end=\"397\">faire circuler<\/strong> le lien,<br data-start=\"406\" data-end=\"409\" \/>dans un <strong data-start=\"419\" data-end=\"492\">cadre bienveillant, accessible et respectueux des rythmes de chacun\u00b7e<\/strong>.<\/li>\n<\/ul>\n<h3 data-start=\"1668\" data-end=\"1707\"><strong>Une association engag\u00e9e et solidaire<\/strong><\/h3>\n<p data-start=\"1709\" data-end=\"1778\"><strong>En adh\u00e9rant au Socle Commun, vous soutenez des actions qui visent \u00e0 :<\/strong><\/p>\n<ul>\n<li data-start=\"1781\" data-end=\"1809\">lutter contre l\u2019isolement,<\/li>\n<li data-start=\"1812\" data-end=\"1883\">accompagner des personnes en situation de fragilit\u00e9 ou de transition,<\/li>\n<li data-start=\"1886\" data-end=\"1933\">favoriser la rencontre entre les g\u00e9n\u00e9rations,<\/li>\n<li data-start=\"1936\" data-end=\"1975\">soutenir des projets locaux et humains.<\/li>\n<\/ul>\n<p data-start=\"1977\" data-end=\"2011\"><strong>Votre soutien permet de financer :<\/strong><\/p>\n<ul>\n<li data-start=\"2014\" data-end=\"2029\">des ateliers,<\/li>\n<li data-start=\"2032\" data-end=\"2074\">des temps de pr\u00e9sence et de d\u00e9placement,<\/li>\n<li data-start=\"2077\" data-end=\"2102\">des actions de terrain,<\/li>\n<li data-start=\"2105\" data-end=\"2162\">et le d\u00e9veloppement de nouvelles formes d\u2019accompagnement.<\/li>\n<\/ul>\n<p data-start=\"2164\" data-end=\"2198\"><strong>Rejoindre le Socle Commun, c\u2019est :<\/strong><\/p>\n<ul>\n<li data-start=\"2201\" data-end=\"2244\">soutenir une autre mani\u00e8re d\u2019accompagner,<\/li>\n<li data-start=\"2247\" data-end=\"2322\">contribuer \u00e0 un projet fond\u00e9 sur le lien, la confiance et la coop\u00e9ration,<\/li>\n<li data-start=\"2325\" data-end=\"2375\"><strong data-start=\"2325\" data-end=\"2374\">participer \u00e0 une dynamique collective engag\u00e9e<\/strong>.<\/li>\n<\/ul>\n<p data-start=\"2377\" data-end=\"2408\">\ud83d\udc49 <a href=\"https:\/\/www.helloasso.com\/associations\/socle-commun\/adhesions\/https-www-helloasso-com-associations-socle-commun-adhesions\"><strong data-start=\"2380\" data-end=\"2408\">J\u2019adh\u00e8re au Socle Commun<\/strong><\/a><\/p>\n<hr data-start=\"2410\" data-end=\"2413\" \/>\n<p data-start=\"2415\" data-end=\"2554\">Ici, nous avan\u00e7ons ensemble, en explorant des chemins parfois inattendus, pour faire \u00e9merger des solutions humaines, sensibles et durables.<\/p>\n<p data-start=\"2556\" data-end=\"2672\">\ud83d\udc49 <strong data-start=\"2559\" data-end=\"2626\">Envie de participer, de soutenir ou de d\u00e9couvrir nos ateliers ?<\/strong><br data-start=\"2626\" data-end=\"2629\" \/><strong data-start=\"2629\" data-end=\"2672\">Faisons vivre ensemble le Socle Commun.<\/strong><\/p>\n<p><span style=\"font-size: revert;\">Parmi nos actions, <strong>Le Socle Commun va \u00e0 la rencontre de nos a\u00een\u00e9\u00b7es, en EHPAD,<\/strong> dans des structures m\u00e9dico-sociales ou associatives, pour rompre la solitude et faire circuler le lien.<\/span><\/p>\n<p data-start=\"1708\" data-end=\"1916\">\u00c0 travers des animations sensibles, cr\u00e9atives et relationnelles, nous ouvrons des espaces de sourires, de parole et de pr\u00e9sence, en lien avec les \u00e9quipes et les partenaires engag\u00e9s aupr\u00e8s des personnes \u00e2g\u00e9es.<\/p>\n<p data-start=\"1918\" data-end=\"1971\">\ud83d\udc49 <strong data-start=\"1921\" data-end=\"1971\">D\u00e9couvrir nos interventions aupr\u00e8s des a\u00een\u00e9\u00b7es<\/strong><\/p>\n\n\n<figure class=\"wp-block-gallery has-nested-images columns-default is-cropped wp-block-gallery-1 is-layout-flex wp-block-gallery-is-layout-flex\">\n<figure class=\"wp-block-image size-large\"><img fetchpriority=\"high\" decoding=\"async\" width=\"1024\" height=\"577\" data-id=\"1207\" src=\"https:\/\/mlyiwazn1rfo.i.optimole.com\/w:1024\/h:577\/q:mauto\/ig:avif\/https:\/\/soclecommun.org\/wp-content\/uploads\/2026\/02\/1662099367376.jpg\" alt=\"\" class=\"wp-image-1207\" srcset=\"https:\/\/mlyiwazn1rfo.i.optimole.com\/w:1024\/h:577\/q:mauto\/ig:avif\/https:\/\/soclecommun.org\/wp-content\/uploads\/2026\/02\/1662099367376.jpg 1024w, https:\/\/mlyiwazn1rfo.i.optimole.com\/w:300\/h:169\/q:mauto\/ig:avif\/https:\/\/soclecommun.org\/wp-content\/uploads\/2026\/02\/1662099367376.jpg 300w, https:\/\/mlyiwazn1rfo.i.optimole.com\/w:768\/h:432\/q:mauto\/ig:avif\/https:\/\/soclecommun.org\/wp-content\/uploads\/2026\/02\/1662099367376.jpg 768w, https:\/\/mlyiwazn1rfo.i.optimole.com\/w:1536\/h:865\/q:mauto\/ig:avif\/https:\/\/soclecommun.org\/wp-content\/uploads\/2026\/02\/1662099367376.jpg 1536w, https:\/\/mlyiwazn1rfo.i.optimole.com\/w:1568\/h:883\/q:mauto\/ig:avif\/https:\/\/soclecommun.org\/wp-content\/uploads\/2026\/02\/1662099367376.jpg 1568w, https:\/\/mlyiwazn1rfo.i.optimole.com\/w:auto\/h:auto\/q:mauto\/ig:avif\/https:\/\/soclecommun.org\/wp-content\/uploads\/2026\/02\/1662099367376.jpg 2048w\" sizes=\"(max-width: 1024px) 100vw, 1024px\" \/><\/figure>\n\n\n\n<figure class=\"wp-block-image size-large\"><img fetchpriority=\"high\" decoding=\"async\" width=\"1024\" height=\"1024\" data-id=\"1192\" src=\"https:\/\/mlyiwazn1rfo.i.optimole.com\/w:1024\/h:1024\/q:mauto\/ig:avif\/https:\/\/soclecommun.org\/wp-content\/uploads\/2026\/02\/5E4EA961-CC42-4AA3-A269-69AC36FC9017-COLLAGE.jpeg\" alt=\"\" class=\"wp-image-1192\" srcset=\"https:\/\/mlyiwazn1rfo.i.optimole.com\/w:1024\/h:1024\/q:mauto\/ig:avif\/https:\/\/soclecommun.org\/wp-content\/uploads\/2026\/02\/5E4EA961-CC42-4AA3-A269-69AC36FC9017-COLLAGE.jpeg 1024w, https:\/\/mlyiwazn1rfo.i.optimole.com\/w:300\/h:300\/q:mauto\/ig:avif\/https:\/\/soclecommun.org\/wp-content\/uploads\/2026\/02\/5E4EA961-CC42-4AA3-A269-69AC36FC9017-COLLAGE.jpeg 300w, https:\/\/mlyiwazn1rfo.i.optimole.com\/w:150\/h:150\/q:mauto\/rt:fill\/g:ce\/ig:avif\/https:\/\/soclecommun.org\/wp-content\/uploads\/2026\/02\/5E4EA961-CC42-4AA3-A269-69AC36FC9017-COLLAGE.jpeg 150w, https:\/\/mlyiwazn1rfo.i.optimole.com\/w:768\/h:768\/q:mauto\/ig:avif\/https:\/\/soclecommun.org\/wp-content\/uploads\/2026\/02\/5E4EA961-CC42-4AA3-A269-69AC36FC9017-COLLAGE.jpeg 768w, https:\/\/mlyiwazn1rfo.i.optimole.com\/w:1080\/h:1080\/q:mauto\/ig:avif\/https:\/\/soclecommun.org\/wp-content\/uploads\/2026\/02\/5E4EA961-CC42-4AA3-A269-69AC36FC9017-COLLAGE.jpeg 1536w, https:\/\/mlyiwazn1rfo.i.optimole.com\/w:1080\/h:1080\/q:mauto\/ig:avif\/https:\/\/soclecommun.org\/wp-content\/uploads\/2026\/02\/5E4EA961-CC42-4AA3-A269-69AC36FC9017-COLLAGE.jpeg 2048w, https:\/\/mlyiwazn1rfo.i.optimole.com\/w:1080\/h:1080\/q:mauto\/ig:avif\/https:\/\/soclecommun.org\/wp-content\/uploads\/2026\/02\/5E4EA961-CC42-4AA3-A269-69AC36FC9017-COLLAGE.jpeg 1568w\" sizes=\"(max-width: 1024px) 100vw, 1024px\" \/><\/figure>\n\n\n\n<figure class=\"wp-block-image size-large\"><img data-opt-src=\"https:\/\/mlyiwazn1rfo.i.optimole.com\/w:768\/h:1024\/q:mauto\/ig:avif\/https:\/\/soclecommun.org\/wp-content\/uploads\/2024\/09\/KM-SOLIDAIRES-1.jpg\"  decoding=\"async\" width=\"768\" height=\"1024\" data-id=\"1048\" src=\"data:image/svg+xml,%3Csvg%20viewBox%3D%220%200%20768%201024%22%20width%3D%22768%22%20height%3D%221024%22%20xmlns%3D%22http%3A%2F%2Fwww.w3.org%2F2000%2Fsvg%22%3E%3Crect%20width%3D%22768%22%20height%3D%221024%22%20fill%3D%22transparent%22%2F%3E%3C%2Fsvg%3E\" alt=\"\" class=\"wp-image-1048\" old-srcset=\"https:\/\/mlyiwazn1rfo.i.optimole.com\/w:768\/h:1024\/q:mauto\/ig:avif\/https:\/\/soclecommun.org\/wp-content\/uploads\/2024\/09\/KM-SOLIDAIRES-1.jpg 768w, https:\/\/mlyiwazn1rfo.i.optimole.com\/w:225\/h:300\/q:mauto\/ig:avif\/https:\/\/soclecommun.org\/wp-content\/uploads\/2024\/09\/KM-SOLIDAIRES-1.jpg 225w, https:\/\/mlyiwazn1rfo.i.optimole.com\/w:810\/h:1080\/q:mauto\/ig:avif\/https:\/\/soclecommun.org\/wp-content\/uploads\/2024\/09\/KM-SOLIDAIRES-1.jpg 1152w, https:\/\/mlyiwazn1rfo.i.optimole.com\/w:auto\/h:auto\/q:mauto\/ig:avif\/https:\/\/soclecommun.org\/wp-content\/uploads\/2024\/09\/KM-SOLIDAIRES-1.jpg 1200w\" \/><\/figure>\n\n\n\n<figure class=\"wp-block-image size-large\"><img data-opt-src=\"https:\/\/mlyiwazn1rfo.i.optimole.com\/w:1024\/h:577\/q:mauto\/ig:avif\/https:\/\/soclecommun.org\/wp-content\/uploads\/2026\/02\/P7220487.jpg\"  loading=\"lazy\" decoding=\"async\" width=\"1024\" height=\"577\" data-id=\"1208\" src=\"data:image/svg+xml,%3Csvg%20viewBox%3D%220%200%201024%20577%22%20width%3D%221024%22%20height%3D%22577%22%20xmlns%3D%22http%3A%2F%2Fwww.w3.org%2F2000%2Fsvg%22%3E%3Crect%20width%3D%221024%22%20height%3D%22577%22%20fill%3D%22transparent%22%2F%3E%3C%2Fsvg%3E\" alt=\"\" class=\"wp-image-1208\" old-srcset=\"https:\/\/mlyiwazn1rfo.i.optimole.com\/w:1024\/h:577\/q:mauto\/ig:avif\/https:\/\/soclecommun.org\/wp-content\/uploads\/2026\/02\/P7220487.jpg 1024w, https:\/\/mlyiwazn1rfo.i.optimole.com\/w:300\/h:169\/q:mauto\/ig:avif\/https:\/\/soclecommun.org\/wp-content\/uploads\/2026\/02\/P7220487.jpg 300w, https:\/\/mlyiwazn1rfo.i.optimole.com\/w:768\/h:433\/q:mauto\/ig:avif\/https:\/\/soclecommun.org\/wp-content\/uploads\/2026\/02\/P7220487.jpg 768w, https:\/\/mlyiwazn1rfo.i.optimole.com\/w:1536\/h:865\/q:mauto\/ig:avif\/https:\/\/soclecommun.org\/wp-content\/uploads\/2026\/02\/P7220487.jpg 1536w, https:\/\/mlyiwazn1rfo.i.optimole.com\/w:1916\/h:1080\/q:mauto\/ig:avif\/https:\/\/soclecommun.org\/wp-content\/uploads\/2026\/02\/P7220487.jpg 2048w, https:\/\/mlyiwazn1rfo.i.optimole.com\/w:1568\/h:883\/q:mauto\/ig:avif\/https:\/\/soclecommun.org\/wp-content\/uploads\/2026\/02\/P7220487.jpg 1568w\" \/><\/figure>\n<\/figure>\n\n\n\n<div class=\"wp-block-buttons is-layout-flex wp-block-buttons-is-layout-flex\">\n<div class=\"wp-block-button\"><a class=\"wp-block-button__link wp-element-button\">Votre don permet de rendre ces actions possibles.<\/a><\/div>\n<\/div>\n\n\n\n<p><\/p>\n","protected":false},"excerpt":{"rendered":"<p>\u00a0 \u00ab Seul, on va plus vite. Ensemble, on va plus loin. \u00bb Le c\u0153ur de nos actions Le Socle Commun est une association qui propose des temps de rencontre, de pr\u00e9sence et d\u2019\u00e9change, \u00e0 destination : des particuliers, des groupes et collectifs, des associations, des structures m\u00e9dico-sociales et EHPAD. Ce que nous proposons Nous&hellip; <a class=\"more-link\" href=\"https:\/\/soclecommun.org\/\">Poursuivre la lecture <span class=\"screen-reader-text\">ACCUEIL<\/span><\/a><\/p>\n","protected":false},"author":1,"featured_media":0,"parent":0,"menu_order":0,"comment_status":"closed","ping_status":"closed","template":"","meta":{"_themeisle_gutenberg_block_has_review":false,"_ti_tpc_template_sync":false,"_ti_tpc_template_id":"5udqur826ojgsxrmsxsc","footnotes":""},"class_list":["post-309","page","type-page","status-publish","hentry","entry"],"yoast_head":"<!-- This site is optimized with the Yoast SEO plugin v22.8 - https:\/\/yoast.com\/wordpress\/plugins\/seo\/ -->\n<title>ACCUEIL - SOCLE COMMUN<\/title>\n<meta name=\"description\" content=\"Nous sommes ravis de vous accueillir au c\u0153ur de notre communaut\u00e9 ax\u00e9e sur la cr\u00e9ativit\u00e9 et l&#039;intelligence collective. Notre association SOCLE COMMUN, mettons en avant ces valeurs fondamentales pour favoriser les connexions et briser l&#039;isolement. Rejoignez-nous pour d\u00e9couvrir un espace o\u00f9 la collaboration et la cr\u00e9ativit\u00e9 sont les ma\u00eetres-mots !\" \/>\n<meta name=\"robots\" content=\"index, follow, max-snippet:-1, max-image-preview:large, max-video-preview:-1\" \/>\n<link rel=\"canonical\" href=\"http:\/\/soclecommun.org\/\" \/>\n<meta property=\"og:locale\" content=\"fr_FR\" \/>\n<meta property=\"og:type\" content=\"article\" \/>\n<meta property=\"og:title\" content=\"ACCUEIL - SOCLE COMMUN\" \/>\n<meta property=\"og:description\" content=\"Nous sommes ravis de vous accueillir au c\u0153ur de notre communaut\u00e9 ax\u00e9e sur la cr\u00e9ativit\u00e9 et l&#039;intelligence collective. Notre association SOCLE COMMUN, mettons en avant ces valeurs fondamentales pour favoriser les connexions et briser l&#039;isolement. Rejoignez-nous pour d\u00e9couvrir un espace o\u00f9 la collaboration et la cr\u00e9ativit\u00e9 sont les ma\u00eetres-mots !\" \/>\n<meta property=\"og:url\" content=\"http:\/\/soclecommun.org\/\" \/>\n<meta property=\"og:site_name\" content=\"SOCLE COMMUN\" \/>\n<meta property=\"article:modified_time\" content=\"2026-02-04T11:13:14+00:00\" \/>\n<meta property=\"og:image\" content=\"https:\/\/mlyiwazn1rfo.i.optimole.com\/w:1024\/h:577\/q:mauto\/ig:avif\/https:\/\/soclecommun.org\/wp-content\/uploads\/2026\/02\/1662099367376.jpg\" \/>\n<meta name=\"twitter:card\" content=\"summary_large_image\" \/>\n<meta name=\"twitter:label1\" content=\"Dur\u00e9e de lecture estim\u00e9e\" \/>\n\t<meta name=\"twitter:data1\" content=\"3 minutes\" \/>\n<script type=\"application\/ld+json\" class=\"yoast-schema-graph\">{\"@context\":\"https:\/\/schema.org\",\"@graph\":[{\"@type\":\"WebPage\",\"@id\":\"http:\/\/soclecommun.org\/\",\"url\":\"http:\/\/soclecommun.org\/\",\"name\":\"ACCUEIL - SOCLE COMMUN\",\"isPartOf\":{\"@id\":\"http:\/\/soclecommun.org\/#website\"},\"primaryImageOfPage\":{\"@id\":\"http:\/\/soclecommun.org\/#primaryimage\"},\"image\":{\"@id\":\"http:\/\/soclecommun.org\/#primaryimage\"},\"thumbnailUrl\":\"https:\/\/mlyiwazn1rfo.i.optimole.com\/w:1024\/h:577\/q:mauto\/ig:avif\/https:\/\/soclecommun.org\/wp-content\/uploads\/2026\/02\/1662099367376.jpg\",\"datePublished\":\"2020-01-13T11:17:52+00:00\",\"dateModified\":\"2026-02-04T11:13:14+00:00\",\"description\":\"Nous sommes ravis de vous accueillir au c\u0153ur de notre communaut\u00e9 ax\u00e9e sur la cr\u00e9ativit\u00e9 et l'intelligence collective. Notre association SOCLE COMMUN, mettons en avant ces valeurs fondamentales pour favoriser les connexions et briser l'isolement. Rejoignez-nous pour d\u00e9couvrir un espace o\u00f9 la collaboration et la cr\u00e9ativit\u00e9 sont les ma\u00eetres-mots !\",\"breadcrumb\":{\"@id\":\"http:\/\/soclecommun.org\/#breadcrumb\"},\"inLanguage\":\"fr-FR\",\"potentialAction\":[{\"@type\":\"ReadAction\",\"target\":[\"http:\/\/soclecommun.org\/\"]}]},{\"@type\":\"ImageObject\",\"inLanguage\":\"fr-FR\",\"@id\":\"http:\/\/soclecommun.org\/#primaryimage\",\"url\":\"https:\/\/mlyiwazn1rfo.i.optimole.com\/w:auto\/h:auto\/q:mauto\/ig:avif\/https:\/\/soclecommun.org\/wp-content\/uploads\/2026\/02\/1662099367376.jpg\",\"contentUrl\":\"https:\/\/mlyiwazn1rfo.i.optimole.com\/w:auto\/h:auto\/q:mauto\/ig:avif\/https:\/\/soclecommun.org\/wp-content\/uploads\/2026\/02\/1662099367376.jpg\",\"width\":2048,\"height\":1153},{\"@type\":\"BreadcrumbList\",\"@id\":\"http:\/\/soclecommun.org\/#breadcrumb\",\"itemListElement\":[{\"@type\":\"ListItem\",\"position\":1,\"name\":\"Accueil\",\"item\":\"http:\/\/soclecommun.org\/\"},{\"@type\":\"ListItem\",\"position\":2,\"name\":\"ACCUEIL\"}]},{\"@type\":\"WebSite\",\"@id\":\"http:\/\/soclecommun.org\/#website\",\"url\":\"http:\/\/soclecommun.org\/\",\"name\":\"SOCLE COMMUN\",\"description\":\"Association d\u2019accompagnement au changement, cr\u00e9ativit\u00e9 et lutte contre l\u2019isolement\",\"publisher\":{\"@id\":\"http:\/\/soclecommun.org\/#organization\"},\"alternateName\":\"SOCLE COMMUN INTELLIGENCE COLLECTIVE & CREATIVE\",\"potentialAction\":[{\"@type\":\"SearchAction\",\"target\":{\"@type\":\"EntryPoint\",\"urlTemplate\":\"http:\/\/soclecommun.org\/?s={search_term_string}\"},\"query-input\":\"required name=search_term_string\"}],\"inLanguage\":\"fr-FR\"},{\"@type\":\"Organization\",\"@id\":\"http:\/\/soclecommun.org\/#organization\",\"name\":\"SOCLE COMMUN\",\"url\":\"http:\/\/soclecommun.org\/\",\"logo\":{\"@type\":\"ImageObject\",\"inLanguage\":\"fr-FR\",\"@id\":\"http:\/\/soclecommun.org\/#\/schema\/logo\/image\/\",\"url\":\"https:\/\/mlyiwazn1rfo.i.optimole.com\/w:auto\/h:auto\/q:mauto\/ig:avif\/https:\/\/soclecommun.org\/wp-content\/uploads\/2026\/02\/cropped-Logo-SOCLE-COMMUN.png\",\"contentUrl\":\"https:\/\/mlyiwazn1rfo.i.optimole.com\/w:auto\/h:auto\/q:mauto\/ig:avif\/https:\/\/soclecommun.org\/wp-content\/uploads\/2026\/02\/cropped-Logo-SOCLE-COMMUN.png\",\"width\":449,\"height\":413,\"caption\":\"SOCLE COMMUN\"},\"image\":{\"@id\":\"http:\/\/soclecommun.org\/#\/schema\/logo\/image\/\"}}]}<\/script>\n<!-- \/ Yoast SEO plugin. -->","yoast_head_json":{"title":"ACCUEIL - SOCLE COMMUN","description":"Nous sommes ravis de vous accueillir au c\u0153ur de notre communaut\u00e9 ax\u00e9e sur la cr\u00e9ativit\u00e9 et l'intelligence collective. Notre association SOCLE COMMUN, mettons en avant ces valeurs fondamentales pour favoriser les connexions et briser l'isolement. Rejoignez-nous pour d\u00e9couvrir un espace o\u00f9 la collaboration et la cr\u00e9ativit\u00e9 sont les ma\u00eetres-mots !","robots":{"index":"index","follow":"follow","max-snippet":"max-snippet:-1","max-image-preview":"max-image-preview:large","max-video-preview":"max-video-preview:-1"},"canonical":"http:\/\/soclecommun.org\/","og_locale":"fr_FR","og_type":"article","og_title":"ACCUEIL - SOCLE COMMUN","og_description":"Nous sommes ravis de vous accueillir au c\u0153ur de notre communaut\u00e9 ax\u00e9e sur la cr\u00e9ativit\u00e9 et l'intelligence collective. Notre association SOCLE COMMUN, mettons en avant ces valeurs fondamentales pour favoriser les connexions et briser l'isolement. Rejoignez-nous pour d\u00e9couvrir un espace o\u00f9 la collaboration et la cr\u00e9ativit\u00e9 sont les ma\u00eetres-mots !","og_url":"http:\/\/soclecommun.org\/","og_site_name":"SOCLE COMMUN","article_modified_time":"2026-02-04T11:13:14+00:00","og_image":[{"url":"https:\/\/mlyiwazn1rfo.i.optimole.com\/w:1024\/h:577\/q:mauto\/ig:avif\/https:\/\/soclecommun.org\/wp-content\/uploads\/2026\/02\/1662099367376.jpg"}],"twitter_card":"summary_large_image","twitter_misc":{"Dur\u00e9e de lecture estim\u00e9e":"3 minutes"},"schema":{"@context":"https:\/\/schema.org","@graph":[{"@type":"WebPage","@id":"http:\/\/soclecommun.org\/","url":"http:\/\/soclecommun.org\/","name":"ACCUEIL - SOCLE COMMUN","isPartOf":{"@id":"http:\/\/soclecommun.org\/#website"},"primaryImageOfPage":{"@id":"http:\/\/soclecommun.org\/#primaryimage"},"image":{"@id":"http:\/\/soclecommun.org\/#primaryimage"},"thumbnailUrl":"https:\/\/mlyiwazn1rfo.i.optimole.com\/w:1024\/h:577\/q:mauto\/ig:avif\/https:\/\/soclecommun.org\/wp-content\/uploads\/2026\/02\/1662099367376.jpg","datePublished":"2020-01-13T11:17:52+00:00","dateModified":"2026-02-04T11:13:14+00:00","description":"Nous sommes ravis de vous accueillir au c\u0153ur de notre communaut\u00e9 ax\u00e9e sur la cr\u00e9ativit\u00e9 et l'intelligence collective. Notre association SOCLE COMMUN, mettons en avant ces valeurs fondamentales pour favoriser les connexions et briser l'isolement. Rejoignez-nous pour d\u00e9couvrir un espace o\u00f9 la collaboration et la cr\u00e9ativit\u00e9 sont les ma\u00eetres-mots !","breadcrumb":{"@id":"http:\/\/soclecommun.org\/#breadcrumb"},"inLanguage":"fr-FR","potentialAction":[{"@type":"ReadAction","target":["http:\/\/soclecommun.org\/"]}]},{"@type":"ImageObject","inLanguage":"fr-FR","@id":"http:\/\/soclecommun.org\/#primaryimage","url":"https:\/\/mlyiwazn1rfo.i.optimole.com\/w:auto\/h:auto\/q:mauto\/ig:avif\/https:\/\/soclecommun.org\/wp-content\/uploads\/2026\/02\/1662099367376.jpg","contentUrl":"https:\/\/mlyiwazn1rfo.i.optimole.com\/w:auto\/h:auto\/q:mauto\/ig:avif\/https:\/\/soclecommun.org\/wp-content\/uploads\/2026\/02\/1662099367376.jpg","width":2048,"height":1153},{"@type":"BreadcrumbList","@id":"http:\/\/soclecommun.org\/#breadcrumb","itemListElement":[{"@type":"ListItem","position":1,"name":"Accueil","item":"http:\/\/soclecommun.org\/"},{"@type":"ListItem","position":2,"name":"ACCUEIL"}]},{"@type":"WebSite","@id":"http:\/\/soclecommun.org\/#website","url":"http:\/\/soclecommun.org\/","name":"SOCLE COMMUN","description":"Association d\u2019accompagnement au changement, cr\u00e9ativit\u00e9 et lutte contre l\u2019isolement","publisher":{"@id":"http:\/\/soclecommun.org\/#organization"},"alternateName":"SOCLE COMMUN INTELLIGENCE COLLECTIVE & CREATIVE","potentialAction":[{"@type":"SearchAction","target":{"@type":"EntryPoint","urlTemplate":"http:\/\/soclecommun.org\/?s={search_term_string}"},"query-input":"required name=search_term_string"}],"inLanguage":"fr-FR"},{"@type":"Organization","@id":"http:\/\/soclecommun.org\/#organization","name":"SOCLE COMMUN","url":"http:\/\/soclecommun.org\/","logo":{"@type":"ImageObject","inLanguage":"fr-FR","@id":"http:\/\/soclecommun.org\/#\/schema\/logo\/image\/","url":"https:\/\/mlyiwazn1rfo.i.optimole.com\/w:auto\/h:auto\/q:mauto\/ig:avif\/https:\/\/soclecommun.org\/wp-content\/uploads\/2026\/02\/cropped-Logo-SOCLE-COMMUN.png","contentUrl":"https:\/\/mlyiwazn1rfo.i.optimole.com\/w:auto\/h:auto\/q:mauto\/ig:avif\/https:\/\/soclecommun.org\/wp-content\/uploads\/2026\/02\/cropped-Logo-SOCLE-COMMUN.png","width":449,"height":413,"caption":"SOCLE COMMUN"},"image":{"@id":"http:\/\/soclecommun.org\/#\/schema\/logo\/image\/"}}]}},"_links":{"self":[{"href":"https:\/\/soclecommun.org\/index.php\/wp-json\/wp\/v2\/pages\/309","targetHints":{"allow":["GET"]}}],"collection":[{"href":"https:\/\/soclecommun.org\/index.php\/wp-json\/wp\/v2\/pages"}],"about":[{"href":"https:\/\/soclecommun.org\/index.php\/wp-json\/wp\/v2\/types\/page"}],"author":[{"embeddable":true,"href":"https:\/\/soclecommun.org\/index.php\/wp-json\/wp\/v2\/users\/1"}],"replies":[{"embeddable":true,"href":"https:\/\/soclecommun.org\/index.php\/wp-json\/wp\/v2\/comments?post=309"}],"version-history":[{"count":172,"href":"https:\/\/soclecommun.org\/index.php\/wp-json\/wp\/v2\/pages\/309\/revisions"}],"predecessor-version":[{"id":1215,"href":"https:\/\/soclecommun.org\/index.php\/wp-json\/wp\/v2\/pages\/309\/revisions\/1215"}],"wp:attachment":[{"href":"https:\/\/soclecommun.org\/index.php\/wp-json\/wp\/v2\/media?parent=309"}],"curies":[{"name":"wp","href":"https:\/\/api.w.org\/{rel}","templated":true}]}}